{"id":200,"date":"2023-08-07T11:33:45","date_gmt":"2023-08-07T11:33:45","guid":{"rendered":"https:\/\/sunselect.md\/?page_id=200"},"modified":"2023-08-11T18:47:49","modified_gmt":"2023-08-11T18:47:49","slug":"about-us","status":"publish","type":"page","link":"https:\/\/sunselect.md\/ru\/about-us\/","title":{"rendered":"About Us"},"content":{"rendered":"<div class=\"banner has-hover\" id=\"banner-1361432984\">\n          <div class=\"banner-inner fill\">\n        <div class=\"banner-bg fill\" >\n            <div class=\"bg fill bg-fill\"><\/div>\n                                    \n                    <\/div>\n\t\t\n        <div class=\"banner-layers container\">\n            <div class=\"fill banner-link\"><\/div>            \n\n   <div id=\"text-box-264743804\" class=\"text-box banner-layer x50 md-x50 lg-x50 y50 md-y50 lg-y50 res-text\">\n                                <div class=\"text-box-content text dark\">\n              \n              <div class=\"text-inner text-center\">\n                  \n\n<h1>\u041e \u041d\u0430\u0441<\/h1>\n<h2 class=\"thin-font\">\u041e \u041a\u043e\u043c\u043f\u0430\u043d\u0438\u0438 <span style=\"color: #00c6c1;\">SunSelect<\/span> - \u0412\u0430\u0448 \u041d\u0430\u0434\u0435\u0436\u043d\u044b\u0439 \u041f\u0430\u0440\u0442\u043d\u0435\u0440 \u043f\u043e \u0421\u043e\u043b\u043d\u0435\u0447\u043d\u043e\u0439 \u042d\u043d\u0435\u0440\u0433\u0438\u0438 \u0432 \u041c\u043e\u043b\u0434\u043e\u0432\u0435<\/h2>\n\n\n              <\/div>\n           <\/div>\n                            \n<style>\n#text-box-264743804 {\n  width: 85%;\n}\n#text-box-264743804 .text-box-content {\n  font-size: 100%;\n}\n<\/style>\n    <\/div>\n \n\n        <\/div>\n      <\/div>\n\n            \n<style>\n#banner-1361432984 {\n  padding-top: 500px;\n}\n#banner-1361432984 .bg.bg-loaded {\n  background-image: url(https:\/\/sunselect.md\/wp-content\/uploads\/2023\/08\/About-Us-bg-1400x584.png);\n}\n<\/style>\n  <\/div>\n\n\n\t<section class=\"section\" id=\"section_1169880607\">\n\t\t<div class=\"bg section-bg fill bg-fill  bg-loaded\" >\n\n\t\t\t\n\t\t\t\n\t\t\t\n\n\t\t<\/div>\n\n\t\t\n\n\t\t<div class=\"section-content relative\">\n\t\t\t\n\n<div class=\"row\"  id=\"row-1699459346\">\n\n\n\t<div id=\"col-659711751\" class=\"col small-12 large-12\"  >\n\t\t\t\t<div class=\"col-inner text-center\"  >\n\t\t\t\n\t\t\t\n\n<p>\u0414\u043e\u0431\u0440\u043e \u043f\u043e\u0436\u0430\u043b\u043e\u0432\u0430\u0442\u044c \u0432 SunSelect, \u0432\u0435\u0434\u0443\u0449\u0435\u0433\u043e \u043f\u043e\u0441\u0442\u0430\u0432\u0449\u0438\u043a\u0430 \u0441\u043e\u043b\u043d\u0435\u0447\u043d\u044b\u0445 \u044d\u043d\u0435\u0440\u0433\u0435\u0442\u0438\u0447\u0435\u0441\u043a\u0438\u0445 \u0440\u0435\u0448\u0435\u043d\u0438\u0439 \u0432 \u041c\u043e\u043b\u0434\u043e\u0432\u0435. \u041c\u044b \u2014 \u043f\u0440\u0435\u0434\u0430\u043d\u043d\u044b\u0439 \u043a\u043e\u043b\u043b\u0435\u043a\u0442\u0438\u0432 \u044d\u043d\u0442\u0443\u0437\u0438\u0430\u0441\u0442\u043e\u0432 \u0432\u043e\u0437\u043e\u0431\u043d\u043e\u0432\u043b\u044f\u0435\u043c\u043e\u0439 \u044d\u043d\u0435\u0440\u0433\u0438\u0438, \u0441\u0442\u0440\u0435\u043c\u044f\u0449\u0438\u0445\u0441\u044f \u043e\u0431\u0435\u0441\u043f\u0435\u0447\u0438\u0442\u044c \u0434\u043e\u043c\u0430 \u0438 \u0431\u0438\u0437\u043d\u0435\u0441\u044b \u0447\u0438\u0441\u0442\u043e\u0439, \u0443\u0441\u0442\u043e\u0439\u0447\u0438\u0432\u043e\u0439 \u0438 \u044d\u043a\u043e\u043d\u043e\u043c\u0438\u0447\u0435\u0441\u043a\u0438 \u0432\u044b\u0433\u043e\u0434\u043d\u043e\u0439 \u0441\u043e\u043b\u043d\u0435\u0447\u043d\u043e\u0439 \u044d\u043d\u0435\u0440\u0433\u0438\u0435\u0439. \u0421 \u0444\u043e\u043a\u0443\u0441\u043e\u043c \u043d\u0430 \u0443\u0434\u043e\u0432\u043b\u0435\u0442\u0432\u043e\u0440\u0435\u043d\u0438\u0438 \u043f\u043e\u0442\u0440\u0435\u0431\u043d\u043e\u0441\u0442\u0435\u0439 \u043a\u043b\u0438\u0435\u043d\u0442\u043e\u0432 \u0438 \u043f\u0435\u0440\u0435\u0434\u043e\u0432\u044b\u0445 \u0442\u0435\u0445\u043d\u043e\u043b\u043e\u0433\u0438\u044f\u0445, \u043c\u044b \u0437\u0430\u0440\u0435\u043a\u043e\u043c\u0435\u043d\u0434\u043e\u0432\u0430\u043b\u0438 \u0441\u0435\u0431\u044f \u043a\u0430\u043a \u0438\u0441\u0442\u043e\u0447\u043d\u0438\u043a \u043f\u0435\u0440\u0432\u043e\u043a\u043b\u0430\u0441\u0441\u043d\u044b\u0445 \u0441\u043e\u043b\u043d\u0435\u0447\u043d\u044b\u0445 \u043f\u0430\u043d\u0435\u043b\u0435\u0439 \u0438 \u0438\u043d\u0432\u0435\u0440\u0442\u043e\u0440\u043e\u0432 Huawei \u0432 \u0440\u0435\u0433\u0438\u043e\u043d\u0435.<\/p>\n<h2>\u041f\u043e\u0447\u0435\u043c\u0443 \u0432\u044b\u0431\u0440\u0430\u0442\u044c \u043d\u0430\u0441?<\/h2>\n<ol>\n<li style=\"text-align: left;\"><span style=\"font-size: 90%;\">\u041e\u043f\u044b\u0442 \u0438 \u0417\u043d\u0430\u043d\u0438\u044f: \u0421 \u043e\u0431\u0448\u0438\u0440\u043d\u044b\u043c \u043e\u043f\u044b\u0442\u043e\u043c \u0432 \u0441\u043e\u043b\u043d\u0435\u0447\u043d\u043e\u0439 \u043f\u0440\u043e\u043c\u044b\u0448\u043b\u0435\u043d\u043d\u043e\u0441\u0442\u0438, \u043d\u0430\u0448\u0430 \u043a\u043e\u043c\u0430\u043d\u0434\u0430 \u0441\u043e\u0441\u0442\u043e\u0438\u0442 \u0438\u0437 \u043e\u043f\u044b\u0442\u043d\u044b\u0445 \u043f\u0440\u043e\u0444\u0435\u0441\u0441\u0438\u043e\u043d\u0430\u043b\u043e\u0432, \u043e\u0431\u043b\u0430\u0434\u0430\u044e\u0449\u0438\u0445 \u0433\u043b\u0443\u0431\u043e\u043a\u0438\u043c\u0438 \u0437\u043d\u0430\u043d\u0438\u044f\u043c\u0438 \u0432 \u043e\u0431\u043b\u0430\u0441\u0442\u0438 \u0441\u043e\u043b\u043d\u0435\u0447\u043d\u044b\u0445 \u044d\u043d\u0435\u0440\u0433\u0435\u0442\u0438\u0447\u0435\u0441\u043a\u0438\u0445 \u0441\u0438\u0441\u0442\u0435\u043c. \u041c\u044b \u0441\u043b\u0435\u0434\u0438\u043c \u0437\u0430 \u043f\u043e\u0441\u043b\u0435\u0434\u043d\u0438\u043c\u0438 \u0442\u0435\u043d\u0434\u0435\u043d\u0446\u0438\u044f\u043c\u0438 \u043e\u0442\u0440\u0430\u0441\u043b\u0438, \u0447\u0442\u043e\u0431\u044b \u043f\u0440\u0435\u0434\u043e\u0441\u0442\u0430\u0432\u0438\u0442\u044c \u0432\u0430\u043c \u043b\u0443\u0447\u0448\u0438\u0435 \u0440\u0435\u0448\u0435\u043d\u0438\u044f.<\/span><\/li>\n<li style=\"text-align: left;\"><span style=\"font-size: 90%;\">Echipamente de Calitate Premium: La SunSelect, ne m\u00e2ndrim cu faptul c\u0103 oferim doar panouri solare \u0219i Invertoare Solare Huawei de cea mai \u00eenalt\u0103 calitate. Produsele noastre sunt achizi\u021bionate de la produc\u0103tori de \u00eencredere, asigur\u00e2nd performan\u021b\u0103 \u0219i fiabilitate de durat\u0103.<\/span><\/li>\n<li style=\"text-align: left;\"><span style=\"font-size: 90%;\">\u0418\u043d\u0434\u0438\u0432\u0438\u0434\u0443\u0430\u043b\u044c\u043d\u044b\u0435 \u0420\u0435\u0448\u0435\u043d\u0438\u044f: \u041c\u044b \u043f\u043e\u043d\u0438\u043c\u0430\u0435\u043c, \u0447\u0442\u043e \u043a\u0430\u0436\u0434\u044b\u0439 \u043a\u043b\u0438\u0435\u043d\u0442 \u0443\u043d\u0438\u043a\u0430\u043b\u0435\u043d, \u0438 \u043f\u043e\u0442\u0440\u0435\u0431\u043d\u043e\u0441\u0442\u0438 \u0432 \u044d\u043d\u0435\u0440\u0433\u0438\u0438 \u043c\u043e\u0433\u0443\u0442 \u0440\u0430\u0437\u043b\u0438\u0447\u0430\u0442\u044c\u0441\u044f. \u041f\u043e\u044d\u0442\u043e\u043c\u0443 \u043c\u044b \u043f\u0440\u0435\u0434\u043b\u0430\u0433\u0430\u0435\u043c \u0438\u043d\u0434\u0438\u0432\u0438\u0434\u0443\u0430\u043b\u044c\u043d\u044b\u0435 \u0441\u043e\u043b\u043d\u0435\u0447\u043d\u044b\u0435 \u0440\u0435\u0448\u0435\u043d\u0438\u044f, \u043f\u043e\u0434\u0445\u043e\u0434\u044f\u0449\u0438\u0435 \u0434\u043b\u044f \u0434\u043e\u043c\u0430\u0448\u043d\u0438\u0445, \u043a\u043e\u043c\u043c\u0435\u0440\u0447\u0435\u0441\u043a\u0438\u0445 \u0438 \u043f\u0440\u043e\u043c\u044b\u0448\u043b\u0435\u043d\u043d\u044b\u0445 \u043e\u0431\u044a\u0435\u043a\u0442\u043e\u0432.<\/span><\/li>\n<li style=\"text-align: left;\"><span style=\"font-size: 90%;\">\u0417\u0430\u0431\u043e\u0442\u0430 \u043e\u0431 \u041e\u043a\u0440\u0443\u0436\u0430\u044e\u0449\u0435\u0439 \u0421\u0440\u0435\u0434\u0435: \u041c\u044b \u0441\u0442\u0440\u0430\u0441\u0442\u043d\u043e \u0441\u0442\u0440\u0435\u043c\u0438\u043c\u0441\u044f \u043a \u0441\u043e\u0445\u0440\u0430\u043d\u0435\u043d\u0438\u044e \u043e\u043a\u0440\u0443\u0436\u0430\u044e\u0449\u0435\u0439 \u0441\u0440\u0435\u0434\u044b \u0438 \u0441\u043e\u043a\u0440\u0430\u0449\u0435\u043d\u0438\u044e \u0432\u044b\u0431\u0440\u043e\u0441\u043e\u0432 \u0443\u0433\u043b\u0435\u0440\u043e\u0434\u0430. \u0412\u044b\u0431\u0438\u0440\u0430\u044f \u0441\u043e\u043b\u043d\u0435\u0447\u043d\u0443\u044e \u044d\u043d\u0435\u0440\u0433\u0438\u044e, \u0432\u044b \u043d\u0435 \u0442\u043e\u043b\u044c\u043a\u043e \u044d\u043a\u043e\u043d\u043e\u043c\u0438\u0442\u0435 \u043d\u0430 \u0441\u0447\u0435\u0442\u0430\u0445 \u0437\u0430 \u044d\u043b\u0435\u043a\u0442\u0440\u043e\u044d\u043d\u0435\u0440\u0433\u0438\u044e, \u043d\u043e \u0438 \u0441\u043f\u043e\u0441\u043e\u0431\u0441\u0442\u0432\u0443\u0435\u0442\u0435 \u0441\u043e\u0437\u0434\u0430\u043d\u0438\u044e \u0447\u0438\u0449\u0435 \u0438 \u0437\u0435\u043b\u0435\u043d\u0435\u0435 \u0431\u0443\u0434\u0443\u0449\u0435\u0435.<\/span><\/li>\n<li style=\"text-align: left;\"><span style=\"font-size: 90%;\">\u0412\u044b\u0434\u0430\u044e\u0449\u0435\u0435\u0441\u044f \u041e\u0431\u0441\u043b\u0443\u0436\u0438\u0432\u0430\u043d\u0438\u0435 \u041a\u043b\u0438\u0435\u043d\u0442\u043e\u0432: \u041d\u0430\u0448\u0435 \u043e\u0431\u044f\u0437\u0430\u0442\u0435\u043b\u044c\u0441\u0442\u0432\u043e \u043a \u0443\u0434\u043e\u0432\u043b\u0435\u0442\u0432\u043e\u0440\u0435\u043d\u0438\u044e \u043a\u043b\u0438\u0435\u043d\u0442\u043e\u0432 \u043d\u0435\u0438\u0437\u043c\u0435\u043d\u043d\u043e. \u041d\u0430\u0447\u0438\u043d\u0430\u044f \u0441 \u043f\u0435\u0440\u0432\u0438\u0447\u043d\u043e\u0439 \u043a\u043e\u043d\u0441\u0443\u043b\u044c\u0442\u0430\u0446\u0438\u0438 \u0438 \u0437\u0430\u043a\u0430\u043d\u0447\u0438\u0432\u0430\u044f \u0443\u0441\u0442\u0430\u043d\u043e\u0432\u043a\u043e\u0439, \u043d\u0430\u0448\u0430 \u0434\u0440\u0443\u0436\u0435\u043b\u044e\u0431\u043d\u0430\u044f \u0438 \u043a\u043e\u043c\u043f\u0435\u0442\u0435\u043d\u0442\u043d\u0430\u044f \u043a\u043e\u043c\u0430\u043d\u0434\u0430 \u0431\u0443\u0434\u0435\u0442 \u0441\u043e\u043f\u0440\u043e\u0432\u043e\u0436\u0434\u0430\u0442\u044c \u0432\u0430\u0441 \u043d\u0430 \u043a\u0430\u0436\u0434\u043e\u043c \u044d\u0442\u0430\u043f\u0435.<\/span><\/li>\n<\/ol>\n\n\t\t<\/div>\n\t\t\t\t\t<\/div>\n\n\t\n\n<\/div>\n<div class=\"row row-large align-equal align-center row-box-shadow-3 row-box-shadow-5-hover\"  id=\"row-560242615\">\n\n\n\t<div id=\"col-2017907544\" class=\"col medium-6 small-12 large-6\"  >\n\t\t\t\t<div class=\"col-inner text-center\"  >\n\t\t\t\n\t\t\t\n\n\t<div id=\"text-3633407899\" class=\"text\">\n\t\t\n\n<h3 style=\"text-align: center;\"><span data-text-color=\"primary\">\u041d\u0430\u0448\u0438 \u0421\u043e\u043b\u043d\u0435\u0447\u043d\u044b\u0435 \u041f\u0430\u043d\u0435\u043b\u0438<\/span><\/h3>\n<p style=\"text-align: center;\">\u041d\u0430\u0448 \u0430\u0441\u0441\u043e\u0440\u0442\u0438\u043c\u0435\u043d\u0442 \u0441\u043e\u043b\u043d\u0435\u0447\u043d\u044b\u0445 \u043f\u0430\u043d\u0435\u043b\u0435\u0439 \u0432\u043a\u043b\u044e\u0447\u0430\u0435\u0442 \u043f\u0440\u043e\u0434\u0443\u043a\u0442\u044b \u043f\u0440\u0435\u043c\u0438\u0443\u043c-\u043a\u043b\u0430\u0441\u0441\u0430, \u0438\u0437\u0432\u0435\u0441\u0442\u043d\u044b\u0435 \u0441\u0432\u043e\u0435\u0439 \u044d\u0444\u0444\u0435\u043a\u0442\u0438\u0432\u043d\u043e\u0441\u0442\u044c\u044e \u0438 \u043f\u0440\u043e\u0438\u0437\u0432\u043e\u0434\u0438\u0442\u0435\u043b\u044c\u043d\u043e\u0441\u0442\u044c\u044e. \u041d\u0435\u0437\u0430\u0432\u0438\u0441\u0438\u043c\u043e \u043e\u0442 \u0442\u043e\u0433\u043e, \u043d\u0443\u0436\u043d\u0430 \u043b\u0438 \u0432\u0430\u043c \u044d\u043d\u0435\u0440\u0433\u0438\u044f \u0434\u043b\u044f \u0434\u043e\u043c\u0430 \u0438\u043b\u0438 \u0431\u0438\u0437\u043d\u0435\u0441\u0430, \u043d\u0430\u0448\u0438 \u0441\u043e\u043b\u043d\u0435\u0447\u043d\u044b\u0435 \u043f\u0430\u043d\u0435\u043b\u0438 \u0440\u0430\u0437\u0440\u0430\u0431\u043e\u0442\u0430\u043d\u044b \u0434\u043b\u044f \u043c\u0430\u043a\u0441\u0438\u043c\u0430\u043b\u044c\u043d\u043e\u0433\u043e \u0432\u044b\u0445\u043e\u0434\u0430 \u044d\u043d\u0435\u0440\u0433\u0438\u0438 \u0434\u0430\u0436\u0435 \u0432 \u0438\u0437\u043c\u0435\u043d\u0447\u0438\u0432\u044b\u0445 \u043f\u043e\u0433\u043e\u0434\u043d\u044b\u0445 \u0443\u0441\u043b\u043e\u0432\u0438\u044f\u0445.<\/p>\n\t\t\n<style>\n#text-3633407899 {\n  text-align: center;\n}\n<\/style>\n\t<\/div>\n\t\n<a href=\"https:\/\/sunselect.md\/ru\/solar-panels\/\" target=\"_self\" class=\"button primary is-shade box-shadow-3 box-shadow-5-hover lowercase\"  style=\"border-radius:5px;\">\n    <span>\u041f\u043e\u0434\u0440\u043e\u0431\u043d\u0435\u0435<\/span>\n  <\/a>\n\n\n\n\t\t<\/div>\n\t\t\t\t\t<\/div>\n\n\t\n\n\t<div id=\"col-1594666725\" class=\"col medium-6 small-12 large-6\"  >\n\t\t\t\t<div class=\"col-inner text-center\"  >\n\t\t\t\n\t\t\t\n\n<h3 style=\"text-align: center;\"><span data-text-color=\"secondary\">\u0421\u043e\u043b\u043d\u0435\u0447\u043d\u044b\u0435 \u0418\u043d\u0432\u0435\u0440\u0442\u043e\u0440\u044b - \u0418\u043d\u0442\u0435\u043b\u043b\u0435\u043a\u0442\u0443\u0430\u043b\u044c\u043d\u043e\u0435 \u0423\u043f\u0440\u0430\u0432\u043b\u0435\u043d\u0438\u0435 \u042d\u043d\u0435\u0440\u0433\u0438\u0435\u0439<\/span><\/h3>\n<p style=\"text-align: center;\">\u041a\u0430\u043a \u0430\u0432\u0442\u043e\u0440\u0438\u0437\u043e\u0432\u0430\u043d\u043d\u044b\u0439 \u0434\u0438\u0441\u0442\u0440\u0438\u0431\u044c\u044e\u0442\u043e\u0440 \u0438\u043d\u0432\u0435\u0440\u0442\u043e\u0440\u043e\u0432 Huawei, \u043c\u044b \u043f\u0440\u0435\u0434\u043b\u0430\u0433\u0430\u0435\u043c \u043f\u0435\u0440\u0435\u0434\u043e\u0432\u044b\u0435 \u0438\u043d\u0432\u0435\u0440\u0442\u043e\u0440\u044b, \u043a\u043e\u0442\u043e\u0440\u044b\u0435 \u043e\u043f\u0442\u0438\u043c\u0438\u0437\u0438\u0440\u0443\u044e\u0442 \u043f\u0440\u0435\u043e\u0431\u0440\u0430\u0437\u043e\u0432\u0430\u043d\u0438\u0435 \u044d\u043d\u0435\u0440\u0433\u0438\u0438 \u0438 \u043f\u043e\u0432\u044b\u0448\u0430\u044e\u0442 \u044d\u0444\u0444\u0435\u043a\u0442\u0438\u0432\u043d\u043e\u0441\u0442\u044c \u0432\u0430\u0448\u0435\u0439 \u0441\u043e\u043b\u043d\u0435\u0447\u043d\u043e\u0439 \u0441\u0438\u0441\u0442\u0435\u043c\u044b. \u0418\u043d\u0432\u0435\u0440\u0442\u043e\u0440\u044b Huawei \u043e\u0441\u043d\u0430\u0449\u0435\u043d\u044b \u043f\u0435\u0440\u0435\u0434\u043e\u0432\u044b\u043c\u0438 \u0444\u0443\u043d\u043a\u0446\u0438\u044f\u043c\u0438 \u043c\u043e\u043d\u0438\u0442\u043e\u0440\u0438\u043d\u0433\u0430 \u0438 \u0438\u043d\u0442\u0435\u043b\u043b\u0435\u043a\u0442\u0443\u0430\u043b\u044c\u043d\u043e\u0433\u043e \u0443\u043f\u0440\u0430\u0432\u043b\u0435\u043d\u0438\u044f, \u043e\u0431\u0435\u0441\u043f\u0435\u0447\u0438\u0432\u0430\u044f \u043e\u043f\u0442\u0438\u043c\u0430\u043b\u044c\u043d\u043e\u0435 \u0438\u0441\u043f\u043e\u043b\u044c\u0437\u043e\u0432\u0430\u043d\u0438\u0435 \u0432\u0430\u0448\u0435\u0439 \u0438\u043d\u0432\u0435\u0441\u0442\u0438\u0446\u0438\u0438 \u0432 \u0441\u043e\u043b\u043d\u0435\u0447\u043d\u0443\u044e \u044d\u043d\u0435\u0440\u0433\u0438\u044e.<\/p>\n<a href=\"https:\/\/sunselect.md\/ru\/huawei-inverters\/\" target=\"_self\" class=\"button secondary is-shade box-shadow-3 box-shadow-5-hover lowercase\"  style=\"border-radius:5px;\">\n    <span>\u041f\u043e\u0434\u0440\u043e\u0431\u043d\u0435\u0435<\/span>\n  <\/a>\n\n\n\n\t\t<\/div>\n\t\t\t\t\t<\/div>\n\n\t\n\n\n<style>\n#row-560242615 > .col > .col-inner {\n  padding: 3% 3% 3% 3%;\n}\n<\/style>\n<\/div>\n\n\t\t<\/div>\n\n\t\t\n<style>\n#section_1169880607 {\n  padding-top: 30px;\n  padding-bottom: 30px;\n}\n<\/style>\n\t<\/section>\n\t\n\t<section class=\"section\" id=\"section_234741073\">\n\t\t<div class=\"bg section-bg fill bg-fill  bg-loaded\" >\n\n\t\t\t\n\t\t\t<div class=\"section-bg-overlay absolute fill\"><\/div>\n\t\t\t\n\n\t\t<\/div>\n\n\t\t\n\n\t\t<div class=\"section-content relative\">\n\t\t\t\n\n<div class=\"row row-collapse align-center\"  id=\"row-1256807675\">\n\n\n\t<div id=\"col-1262593274\" class=\"col medium-10 small-12 large-10\"  >\n\t\t\t\t<div class=\"col-inner text-center\"  >\n\t\t\t\n\t\t\t\n\n<p>\u00a0<\/p>\n<h2>Contacteaz\u0103-ne Ast\u0103zi<\/h2>\n<p>Al\u0103tur\u0103-te revolu\u021biei energiei regenerabile cu SunSelect. Contacteaz\u0103-ne ast\u0103zi pentru a discuta despre nevoile tale de energie solar\u0103 \u0219i pentru a descoperi cum energia solar\u0103 poate fi benefic\u0103 pentru casa sau afacerea ta. Echipa noastr\u0103 este preg\u0103tit\u0103 s\u0103-\u021bi ofere o solu\u021bie personalizat\u0103 de energie solar\u0103, astfel \u00eenc\u00e2t s\u0103 economise\u0219ti la facturile de electricitate \u0219i s\u0103 contribui la un mediu mai curat. Experimenteaz\u0103 puterea energiei solare cu SunSelect \u00een Moldova.<\/p>\n\n\t\t<\/div>\n\t\t\t\t\n<style>\n#col-1262593274 > .col-inner {\n  padding: 50px 0px 50px 0px;\n}\n<\/style>\n\t<\/div>\n\n\t\n\n<\/div>\n\n\t\t<\/div>\n\n\t\t\n<style>\n#section_234741073 {\n  padding-top: 0px;\n  padding-bottom: 0px;\n  background-color: rgb(208, 208, 208);\n}\n#section_234741073 .section-bg-overlay {\n  background-color: rgba(255, 255, 255, 0.85);\n}\n<\/style>\n\t<\/section>","protected":false},"excerpt":{"rendered":"","protected":false},"author":1,"featured_media":0,"parent":0,"menu_order":0,"comment_status":"closed","ping_status":"closed","template":"page-blank.php","meta":{"inline_featured_image":false,"footnotes":""},"class_list":["post-200","page","type-page","status-publish","hentry"],"_links":{"self":[{"href":"https:\/\/sunselect.md\/ru\/wp-json\/wp\/v2\/pages\/200","targetHints":{"allow":["GET"]}}],"collection":[{"href":"https:\/\/sunselect.md\/ru\/wp-json\/wp\/v2\/pages"}],"about":[{"href":"https:\/\/sunselect.md\/ru\/wp-json\/wp\/v2\/types\/page"}],"author":[{"embeddable":true,"href":"https:\/\/sunselect.md\/ru\/wp-json\/wp\/v2\/users\/1"}],"replies":[{"embeddable":true,"href":"https:\/\/sunselect.md\/ru\/wp-json\/wp\/v2\/comments?post=200"}],"version-history":[{"count":7,"href":"https:\/\/sunselect.md\/ru\/wp-json\/wp\/v2\/pages\/200\/revisions"}],"predecessor-version":[{"id":471,"href":"https:\/\/sunselect.md\/ru\/wp-json\/wp\/v2\/pages\/200\/revisions\/471"}],"wp:attachment":[{"href":"https:\/\/sunselect.md\/ru\/wp-json\/wp\/v2\/media?parent=200"}],"curies":[{"name":"wp","href":"https:\/\/api.w.org\/{rel}","templated":true}]}}